{"id":918,"date":"2020-01-16T12:27:36","date_gmt":"2020-01-16T11:27:36","guid":{"rendered":"http:\/\/shopping-samobor.hr\/?page_id=918"},"modified":"2020-01-16T12:27:41","modified_gmt":"2020-01-16T11:27:41","slug":"zastita-privatnosti","status":"publish","type":"page","link":"https:\/\/shopping-samobor.hr\/borabora\/zastita-privatnosti\/","title":{"rendered":"Za\u0161tita privatnosti"},"content":{"rendered":"<p>[et_pb_section fb_built=&#8221;1&#8243; admin_label=&#8221;section&#8221; module_class=&#8221;big-triangle&#8221; _builder_version=&#8221;3.22&#8243; background_color=&#8221;#d4d4db&#8221; parallax=&#8221;on&#8221; parallax_method=&#8221;off&#8221; custom_padding=&#8221;0px||0px|||&#8221; transparent_background=&#8221;off&#8221;][et_pb_row admin_label=&#8221;row&#8221; _builder_version=&#8221;3.25&#8243; background_size=&#8221;initial&#8221; background_position=&#8221;top_left&#8221; background_repeat=&#8221;repeat&#8221;][et_pb_column type=&#8221;4_4&#8243; _builder_version=&#8221;3.25&#8243; custom_padding=&#8221;|||&#8221; custom_padding__hover=&#8221;|||&#8221;][et_pb_text admin_label=&#8221;Kori\u0161tenje kola\u010di\u0107a&#8221; _builder_version=&#8221;4.1&#8243; background_size=&#8221;initial&#8221; background_position=&#8221;top_left&#8221; background_repeat=&#8221;repeat&#8221; hover_enabled=&#8221;0&#8243;]<\/p>\n<p>&nbsp;<\/p>\n<h1 style=\"text-align: center;\">Za\u0161tita privatnosti<\/h1>\n<h1 style=\"text-align: center;\"><a href=\"http:\/\/shopping-samobor.hr\/borabora\/wp-content\/uploads\/2015\/05\/Divider.png\" target=\"_blank\" rel=\"noopener noreferrer nofollow\"><img decoding=\"async\" class=\"alignnone size-medium wp-image-299\" src=\"http:\/\/shopping-samobor.hr\/borabora\/wp-content\/uploads\/2015\/05\/Divider-300x10.png\" alt=\"Divider\" width=\"300\" height=\"10\" \/><\/a><\/h1>\n<p>&nbsp;<\/p>\n<p>[\/et_pb_text][\/et_pb_column][\/et_pb_row][\/et_pb_section][et_pb_section fb_built=&#8221;1&#8243; _builder_version=&#8221;4.1&#8243;][et_pb_row _builder_version=&#8221;4.1&#8243;][et_pb_column type=&#8221;4_4&#8243; _builder_version=&#8221;4.1&#8243;][et_pb_text _builder_version=&#8221;4.1&#8243; hover_enabled=&#8221;0&#8243;]<\/p>\n<p><strong>UVJETI KORI\u0160TENJA WEB STRANICA I ZA\u0160TITE PRIVATNOSTI<\/strong><\/p>\n<ol>\n<li><strong> OP\u0106E ODREDBE O OSOBNIM PODACIMA<\/strong><\/li>\n<\/ol>\n<p>(1)\u00a0\u00a0 Ovim Uvjetima je definiran na\u010din na koji Silverleaf Dva d.o.o. Ivana Lu\u010di\u0107a 2a, 10 000 Zagreb (u nastavku: Silverleaf Dva d.o.o.) prikuplja, obra\u0111uje i \u010duva osobne podatke svakog potencijalnog korisnika usluga Silverleaf Dva d.o.o. (u nastavku: Korisnik) koje isti dostavi putem slu\u017ebene Internet stranice Silverleaf Dva d.o.o. http:\/\/shopping-samobor.hr\/ i https:\/\/shopping-samobor.com\/ (u nastavku: Web stranica) i\/ili s Web stranicom povezane mobilne stranice i\/ili bilo koje mikro stranice kojoj se mo\u017ee pristupiti preko Web stranice (u nastavku sve zajedno: Stranice) i\/ili u pisanom obliku i\/ili putem elektroni\u010dkih oblika komunikacije koji se po potrebi mogu prenijeti u pisani oblik (e-mail, SMS, Facebook, WhatsApp i dr., u nastavku svi zajedno: Elektroni\u010dki oblici), te osobne podatke o Internet stranicama koje svaki Korisnik posjeti pri pregledavanju Stranica, datumu i vremenu Korisnikove posjete istima, Korisnikovoj IP adresi i vrsti Internet preglednika koju Korisnik pritom koristi, internetskim lokacijama (URL) koje Korisnik posjeti prije svog pristupanja Stranicama, datumu Korisnikove registracije na Web stranici, nekretninama koje je Korisnik pregledao na Stranicama, spremljenim postavkama Korisnikovog filtra za pretra\u017eivanje nekretnina na stranicama i o nekretninama koje je Korisnik pritom \u201elajkao\u201c (u nastavku svi u ovom stavku Uvjeta navedeni osobni podaci zajedno: Osobni podaci).<\/p>\n<p>(2)\u00a0\u00a0 Silverleaf Dva d.o.o., u skladu s odredbama Op\u0107e uredbe o za\u0161titi podataka (GDPR) i Zakona o provedbi Op\u0107e uredbe o za\u0161titi podataka (NN 42\/2018), kao voditelj obrade Osobnih podataka, obvezuje se pru\u017eati za\u0161titu svih Osobnih podataka koje od Korisnika prikupi, obradi i \u010duva (ime\/naziv, adresu, e-mail adresu, po\u0161tansku adresu, broj telefona\/mobitela i dr.). za potrebe obavljanja svoje djelatnosti, te za potrebe ispunjavanja obveza Silverleaf Dva d.o.o. utvr\u0111enih svim za poslovanje Silverleaf Dva d.o.o. relevantnim hrvatskim i europskim propisima (u nastavku: Propisi).<\/p>\n<p>(3) Ovla\u0161tene osobe Silverleaf Dva d.o.o. obvezne su po\u0161tivati povjerljivost svih Osobnih podataka te ih obra\u0111uju i \u010duvaju samo onoliko dugo i u onom opsegu koliko je to potrebno za izvr\u0161enje usluge Silverleaf Dva d.o.o. zbog koje je Korisnik kontaktirao Silverleaf Dva d.o.o., osim ako Propisima nije propisano dulje vrijeme njihovog \u010duvanja i\/ili dodatni na\u010din i svrha njihove obrade.<\/p>\n<p>(4) Ako se Osobni podaci konkretnog Korisnika nakon njegove registracije na Web stranici izmijene ili ako konkretan Korisnik vi\u0161e ne \u017eeli koristiti usluge Silverleaf Dva d.o.o., isti u svakom trenutku Silverleaf Dva d.o.o. mo\u017ee podnijeti pisani ili e-mail zahtjev za izmjenu, dopunu ili uklanjanje njegovih Osobnih podataka koje Silverleaf Dva d.o.o. posjeduje (u nastavku: Zahtjev 1), kojem \u0107e Silverleaf Dva d.o.o. udovoljiti u mjeri u kojoj to nije protivno Propisima ako su za to kumulativno ispunjeni uvjeti ni\u017ee navedeni pod (a) i (b):<\/p>\n<p>(a) da je Zahtjev 1 poslan sa po\u0161tanske ili e-mail adrese podnositelja Zahtjeva 1 prethodno registrirane u bazi podataka Silverleaf Dva d.o.o. podno\u0161enjem popunjenog registracijskog upitnika (u nastavku: Upitnik);<\/p>\n<p>(b) da je Zahtjev 1 poslan u pisanom obliku na slu\u017ebenu po\u0161tansku adresu Silverleaf Dva d.o.o. utvr\u0111enu pod stavkom (1) ove to\u010dke Uvjeta ili putem e-maila na e-mail adresu slu\u017ebenika Silverleaf Dva d.o.o. za za\u0161titu podataka (u nastavku: Slu\u017ebenik ZZP) utvr\u0111enu u to\u010dki 7., stavak (4) ovih Uvjeta.<\/p>\n<ol start=\"2\">\n<li><strong> OP\u0106E ODREDBE O STRANICAMA<\/strong><\/li>\n<\/ol>\n<p>(1)\u00a0 Svim Stranicama upravlja Silverleaf Dva d.o.o., te se obvezuje \u0161tititi privatnost Korisnika tijekom i nakon svakog njegovog posjeta Stranicama.<\/p>\n<p>(2)\u00a0\u00a0 Prije realizacije od strane konkretnog Korisnika zatra\u017eene usluge Silverleaf Dva d.o.o. i davanja obavijesti istom u svezi usluga Silverleaf Dva d.o.o., a za potrebe daljnje komunikacije Silverleaf Dva d.o.o. sa Korisnikom, Korisnik je obvezan registrirati se na Web stranici popunjavanjem Upitnika svojim potpunim i to\u010dnim Osobnim podacima, \u010dime ujedno Silverleaf Dva d.o.o. daje dopu\u0161tenje za kori\u0161tenje svih putem Upitnika, te u pisanom i Elektroni\u010dkim oblicima Silverleaf Dva d.o.o. dostavljenih svojih Osobnih podataka za potrebe realizacije usluge zbog koje je kontaktirao Silverleaf Dva d.o.o., te za ispunjavanje svih obveza Silverleaf Dva d.o.o. propisanih Propisima.<\/p>\n<p>(3) Silverleaf Dva d.o.o. ne odgovara ni za sadr\u017eaj na Stranicama objavljenih oglasa za nekretnine dostavljenih Silverleaf Dva d.o.o. na objavu u odgovaraju\u0107em obliku od strane tre\u0107ih osoba-ogla\u0161iva\u010da (u nastavku: Oglasi), niti da \u0107e Stranice funkcionirati bez ikakvih prekida i\/ili pote\u0161ko\u0107a.<\/p>\n<p>(4) Za vrijeme posjeta sa Stranicama povezanim Internet stranicama, Korisnika obvezuju pravila kori\u0161tenja Internet stranice na kojoj se trenutno nalazi, za \u010diji objavljeni sadr\u017eaj Silverleaf Dva d.o.o. ne odgovara.<\/p>\n<p>(5) Autorska prava Silverleaf Dva d.o.o. na Stranicama uklju\u010duju sve na Stranicama objavljene tekstove, fotografije, baze podataka i sve ostale materijale, formate zvukove, software i nazive koji pripadaju Silverleaf Dva d.o.o., samostalno ili uz dozvolu pru\u017eatelja usluge, odnosno ogla\u0161iva\u010da (u nastavku svi zajedno: Sadr\u017eaj WS), te je zabranjena svaka izmjena, umno\u017eavanje, distribuiranje i\/ili prodaja bilo kojeg dijela Sadr\u017eaja WS od strane neovla\u0161tenih tre\u0107ih osoba.<\/p>\n<p>(6) Korisnici su ovla\u0161teni koristiti Sadr\u017eaj WS-a isklju\u010divo radi realizacije usluge zbog koje su kontaktirali Silverleaf Dva d.o.o. te ujedno ovla\u0161\u0107uju Silverleaf Dva d.o.o. da, bez ikakvog njihovog daljnjeg dopu\u0161tenja, sve njihove Oglase objavi i na Internet stranicama Silverleaf Dva d.o.o. za posredovanje u prometu nekretnina s kojima Silverleaf Dva d.o.o. poslovno sura\u0111uje.<\/p>\n<p>(7) Silverleaf Dva d.o.o. zadr\u017eava pravo da, bez ikakvog prethodnog upozorenja, onemogu\u0107i daljnje kori\u0161tenje Stranica svakom Korisniku koji kr\u0161enjem odredaba ovih Uvjeta i\/ili zlouporabom svog Oglasa i\/ili na bilo koji drugi na\u010din ometa funkcioniranje ili neovla\u0161teno koristi jednu ili vi\u0161e Stranica, uz naknadno poduzimanje svih odgovaraju\u0107ih mjera pravne za\u0161tite time povrije\u0111enih interesa Silverleaf Dva d.o.o., te njenih ogla\u0161iva\u010da i preostalih Korisnika.<\/p>\n<ol start=\"3\">\n<li><strong> OGLA\u0160AVANJE NA WEB STRANICI<\/strong><\/li>\n<\/ol>\n<p>(1) Svaki ogla\u0161iva\u010d na Stranicama odgovoran je za cjelokupan sadr\u017eaj svog Oglasa, te je svaki svoj Oglas, prethodno sadr\u017eajno uskla\u0111en s odredbama svih Propisa, ovla\u0161ten dostaviti Silverleaf Dva d.o.o. na objavu samo jednom i to isklju\u010divo na na\u010din, te u obliku, sadr\u017eaju i rubrici predvi\u0111enima konkretnom Stranicom.<\/p>\n<p>(2) Silverleaf Dva d.o.o. zadr\u017eava pravo da, bez ikakvog prethodnog upozorenja, uredi, izmijeni ili izbri\u0161e svaki Oglas koji ne zadovoljava jedan ili vi\u0161e kriterija iz stavka (1) ove to\u010dke Uvjeta i\/ili kojim se ogla\u0161ava vi\u0161e od 1 (jedne) nekretnine i\/ili koji je uvredljiv za Silverleaf Dva d.o.o. i\/ili\u00a0koji sadr\u017eava link(ove) na neku drugu(e) Internet stranicu(e) i\/ili HTML tag(ove).<\/p>\n<ol start=\"4\">\n<li><strong> KORI\u0160TENJE KOLA\u010cI\u0106A (COOKIES) NA STRANICAMA<\/strong><\/li>\n<\/ol>\n<p>(1) Pri kori\u0161tenju Stranica svaki Korisnik obvezan je izjasniti se pristaje li na uporabu na toj konkretnoj Stranici kola\u010di\u0107a (cookies) \u2013 podataka o konkretnom Korisniku koji se, uz prethodni pristanak Korisnika, privremeno ili trajno pohranjuju na njegovo ra\u010dunalo\/pametni koji koristi za pregledavanje konkretne Stranice, omogu\u0107avaju\u0107i pritom njeno jednostavnije i br\u017ee kori\u0161tenje od strane konkretnog Korisnika (u nastavku: Kola\u010di\u0107i).<\/p>\n<p>(2) Korisnik postavke Kola\u010di\u0107a mo\u017ee u svakom trenutku izmijeniti u postavkama Internet preglednika kojeg je odabrao za pretra\u017eivanje konkretne Stranice (Microsoft Internet Explorer, Google Chrome, Mozilla Firefox ili neki dr.), no ako onemogu\u0107i kori\u0161tenje Kola\u010di\u0107a za neku od Stranica, ne\u0107e biti u mogu\u0107nosti koristiti odre\u0111ene funkcionalnosti konkretne Stranice.<\/p>\n<ol start=\"5\">\n<li><strong>KORI\u0160TENJE FACEBOOKA<\/strong><strong> NA STRANICAMA<\/strong><\/li>\n<\/ol>\n<p>(1) Sve Stranice koriste dodatke za dru\u0161tvenu mre\u017eu Facebook ozna\u010dene Facebook logotipom ili tipkom &#8220;Like&#8221;, grafi\u010dki predo\u010dene na <a href=\"http:\/\/developers.facebook.com\/docs\/plugins\" target=\"_blank\" rel=\"noopener noreferrer nofollow\">http:\/\/developers.facebook.com\/docs\/plugins<\/a>, \u010dijim kori\u0161tenjem se Korisnik mo\u017ee izravno povezati na Facebook Internet poslu\u017eitelj.<\/p>\n<p>(2) Svaki Korisnik koji klikne na Facebook tipku \u201dLike\u201d za vrijeme dok je prijavljen na svoj Facebook profil (u nastavku: FB profil), mo\u017ee se preko svog FB profila povezati na sadr\u017eaj Stranica.<\/p>\n<ol start=\"6\">\n<li><strong> KORI\u0160TENJE GOOGLE ANALYTICSA NA <\/strong><strong>STRANICAMA<\/strong><\/li>\n<\/ol>\n<p>(1) Sve Stranice redovito koriste Google Analytics analizu kori\u0161tenja web stranica (u nastavku: Google Analytics), kojom se prikupljaju i na Googlovim Internet poslu\u017eiteljima pohranjuju informacije o kori\u0161tenju Stranica od strane Korisnika (u nastavku: Informacije o kori\u0161tenju).<\/p>\n<p>(2) Informacije o kori\u0161tenju Google koristi za izradu analize kori\u0161tenja svih Stranica i izvje\u0161taja o web aktivnostima na pojedinim Stranicama.<\/p>\n<p>(3) Korisnik mo\u017ee blokirati prikupljanje i obradu podataka o svom kori\u0161tenju Stranica od strane Google Analyticsa preuzimanjem i instalacijom dodatka svom Internet pregledniku dostupnog na <a href=\"http:\/\/tools.google.com\/dlpage\/gaoptout\" target=\"_blank\" rel=\"noopener noreferrer nofollow\">http:\/\/tools.google.com\/dlpage\/gaoptout<\/a>.<\/p>\n<ol start=\"7\">\n<li><strong> ZAVR\u0160NE ODREDBE <\/strong><\/li>\n<\/ol>\n<p>(1) Na sve odnose izme\u0111u Silverleaf Dva d.o.o. i Korisnika u svezi kori\u0161tenja Stranica i za\u0161tite privatnosti Korisnika pri prikupljanju, obradi i \u010duvanju njegovih Osobnih podataka, a koji nisu regulirani odredbama ovih Uvjeta, primjenjuju se odredbe Propisa.<\/p>\n<p>(2) Silverleaf Dva d.o.o. \u0107e sve sporove sa Korisnicima proiza\u0161le iz primjene ovih Uvjeta (u nastavku: Sporovi) prvo poku\u0161ati rije\u0161iti sporazumno no ako to ne uspije, za rje\u0161avanje svakog Spora bit \u0107e nadle\u017ean sud sa sjedi\u0161tem u Zagrebu stvarno nadle\u017ean za konkretan Spor.<\/p>\n<p>(3) Silverleaf Dva d.o.o. pridr\u017eava pravo na izmjene i\/ili a\u017euriranja ovih Uvjeta u bilo kojem trenutku i bez prethodne najave, a koje izmjene i\/ili a\u017euriranja \u0107e, zajedno s datumom njihovog stupanja na snagu, bez odgode objaviti na Web stranici.<\/p>\n<p>(4)\u00a0 Silverleaf Dva d.o.o. je za Slu\u017ebenika ZZP imenovala Sa\u0161u El Khalifu, kojeg svaki Korisnik u svezi svih pitanja glede primjene ovih Uvjeta mo\u017ee kontaktirati u pisanom obliku na po\u0161tansku adresu Silverleaf Dva d.o.o. utvr\u0111enu u to\u010dki 1., stavak (1) ovih Uvjeta ili putem e-maila na e-mail adresu Slu\u017ebenika ZZP info@shopping-samobor.hr.<\/p>\n<p>(5) Ovi Uvjeti primjenjuju se od 15. sije\u010dnja 2020. godine.<\/p>\n<p>Zagreb, 15. sije\u010dnja 2020. godine<\/p>\n<p>&nbsp;<\/p>\n<p>[\/et_pb_text][\/et_pb_column][\/et_pb_row][\/et_pb_section]<\/p>\n","protected":false},"excerpt":{"rendered":"<p>&nbsp; Za\u0161tita privatnosti &nbsp; UVJETI KORI\u0160TENJA WEB STRANICA I ZA\u0160TITE PRIVATNOSTI OP\u0106E ODREDBE O OSOBNIM PODACIMA (1)\u00a0\u00a0 Ovim Uvjetima je definiran na\u010din na koji Silverleaf Dva d.o.o. Ivana Lu\u010di\u0107a 2a, 10 000 Zagreb (u nastavku: Silverleaf Dva d.o.o.) prikuplja, obra\u0111uje i \u010duva osobne podatke svakog potencijalnog korisnika usluga Silverleaf Dva d.o.o. (u nastavku: Korisnik) koje [&hellip;]<\/p>\n","protected":false},"author":5,"featured_media":0,"parent":0,"menu_order":0,"comment_status":"closed","ping_status":"closed","template":"","meta":{"_et_pb_use_builder":"on","_et_pb_old_content":"","_et_gb_content_width":"","slim_seo":{"title":"Za\u0161tita privatnosti - Shopping Gallery Samobor","description":"&nbsp; Za\u0161tita privatnosti &nbsp; UVJETI KORI\u0160TENJA WEB STRANICA I ZA\u0160TITE PRIVATNOSTI OP\u0106E ODREDBE O OSOBNIM PODACIMA (1)\u00a0\u00a0 Ovim Uvjetima je definiran na\u010din na"},"iawp_total_views":54,"footnotes":""},"class_list":["post-918","page","type-page","status-publish","hentry"],"_links":{"self":[{"href":"https:\/\/shopping-samobor.hr\/borabora\/wp-json\/wp\/v2\/pages\/918","targetHints":{"allow":["GET"]}}],"collection":[{"href":"https:\/\/shopping-samobor.hr\/borabora\/wp-json\/wp\/v2\/pages"}],"about":[{"href":"https:\/\/shopping-samobor.hr\/borabora\/wp-json\/wp\/v2\/types\/page"}],"author":[{"embeddable":true,"href":"https:\/\/shopping-samobor.hr\/borabora\/wp-json\/wp\/v2\/users\/5"}],"replies":[{"embeddable":true,"href":"https:\/\/shopping-samobor.hr\/borabora\/wp-json\/wp\/v2\/comments?post=918"}],"version-history":[{"count":3,"href":"https:\/\/shopping-samobor.hr\/borabora\/wp-json\/wp\/v2\/pages\/918\/revisions"}],"predecessor-version":[{"id":921,"href":"https:\/\/shopping-samobor.hr\/borabora\/wp-json\/wp\/v2\/pages\/918\/revisions\/921"}],"wp:attachment":[{"href":"https:\/\/shopping-samobor.hr\/borabora\/wp-json\/wp\/v2\/media?parent=918"}],"curies":[{"name":"wp","href":"https:\/\/api.w.org\/{rel}","templated":true}]}}