{"id":40,"date":"2015-05-14T12:09:35","date_gmt":"2015-05-14T10:09:35","guid":{"rendered":"http:\/\/shopping-samobor.hr\/borabora\/?page_id=40"},"modified":"2026-04-14T11:19:45","modified_gmt":"2026-04-14T09:19:45","slug":"home","status":"publish","type":"page","link":"https:\/\/shopping-samobor.hr\/borabora\/","title":{"rendered":"Po\u010detna"},"content":{"rendered":"<p>[et_pb_section fb_built=&#8221;1&#8243; fullwidth=&#8221;on&#8221; _builder_version=&#8221;4.16&#8243; animation_style=&#8221;fade&#8221; global_colors_info=&#8221;{}&#8221;][et_pb_fullwidth_image src=&#8221;https:\/\/shopping-samobor.hr\/borabora\/wp-content\/uploads\/2026\/01\/Web-Cover-Samobor-900&#215;402.webp&#8221; alt=&#8221;Web Cover Samobor&#8221; title_text=&#8221;Web Cover Samobor&#8221; _builder_version=&#8221;4.24.2&#8243; use_border_color=&#8221;off&#8221; global_colors_info=&#8221;{}&#8221;]<\/p>\n<p>\n&nbsp;<\/p>\n<p>[\/et_pb_fullwidth_image][\/et_pb_section][et_pb_section fb_built=&#8221;1&#8243; _builder_version=&#8221;4.24.2&#8243; _module_preset=&#8221;default&#8221; global_colors_info=&#8221;{}&#8221;][et_pb_row _builder_version=&#8221;4.24.2&#8243; _module_preset=&#8221;default&#8221; global_colors_info=&#8221;{}&#8221;][et_pb_column type=&#8221;4_4&#8243; _builder_version=&#8221;4.24.2&#8243; _module_preset=&#8221;default&#8221; global_colors_info=&#8221;{}&#8221;][et_pb_text _builder_version=&#8221;4.24.2&#8243; _module_preset=&#8221;default&#8221; global_colors_info=&#8221;{}&#8221;]<\/p>\n<h1 style=\"text-align: center;\"><strong>LONIA SHOP &amp; JOY<br \/>SHOPPING GALLERY SAMOBOR<\/strong><\/h1>\n<p>[\/et_pb_text][et_pb_text _builder_version=&#8221;4.24.2&#8243; _module_preset=&#8221;default&#8221; custom_margin=&#8221;-35px|||||&#8221; global_colors_info=&#8221;{}&#8221;]<\/p>\n<h3 style=\"text-align: center;\">PRVI RETAIL PARK U SAMOBORU<\/h3>\n<p>[\/et_pb_text][\/et_pb_column][\/et_pb_row][et_pb_row _builder_version=&#8221;4.24.2&#8243; _module_preset=&#8221;default&#8221; custom_margin=&#8221;-18px|auto|-24px|auto||&#8221; custom_padding=&#8221;4px|||||&#8221; global_colors_info=&#8221;{}&#8221;][et_pb_column type=&#8221;4_4&#8243; _builder_version=&#8221;4.24.2&#8243; _module_preset=&#8221;default&#8221; global_colors_info=&#8221;{}&#8221;][et_pb_image src=&#8221;https:\/\/shopping-samobor.hr\/borabora\/wp-content\/uploads\/2015\/05\/Divider-900&#215;29.webp&#8221; alt=&#8221;Divider&#8221; title_text=&#8221;Divider&#8221; align=&#8221;center&#8221; _builder_version=&#8221;4.24.2&#8243; _module_preset=&#8221;default&#8221; global_colors_info=&#8221;{}&#8221;][\/et_pb_image][\/et_pb_column][\/et_pb_row][et_pb_row _builder_version=&#8221;4.24.2&#8243; _module_preset=&#8221;default&#8221; global_colors_info=&#8221;{}&#8221;][et_pb_column type=&#8221;4_4&#8243; _builder_version=&#8221;4.24.2&#8243; _module_preset=&#8221;default&#8221; global_colors_info=&#8221;{}&#8221;][et_pb_text _builder_version=&#8221;4.24.2&#8243; _module_preset=&#8221;default&#8221; global_colors_info=&#8221;{}&#8221;]<\/p>\n<div style=\"text-align: center;\">Drage Samoborke, Samoborci i svi posjetitelji na\u0161eg lijepog Samobora!<\/div>\n<div style=\"text-align: center;\">Do\u0111ite, u Samobor u ulicu Petra Kre\u0161imira IV 4, kod Konzuma i Plodina,<\/div>\n<div style=\"text-align: center;\">Vi\u0161e ne\u0107ete morati za svaku kupovinu kretati put Zagreba. Veliki dio va\u0161ih potreba za shoppingom mo\u0107i \u0107ete ostvariti kod nas.<\/div>\n<div style=\"text-align: center;\"><strong>Mueller, C&amp;A, INTERSPORT, Deichmann, Galileo, JYSK, Kik, Takko, Zoo City, Leggiero, CCC, Elipso, Leggiero, Boutique Flowers<\/strong><br \/>Garantiraju vam kvalitetan izbor i dobre cijene.<\/div>\n<p>[\/et_pb_text][\/et_pb_column][\/et_pb_row][et_pb_row _builder_version=&#8221;4.24.2&#8243; _module_preset=&#8221;default&#8221; global_colors_info=&#8221;{}&#8221;][et_pb_column type=&#8221;4_4&#8243; _builder_version=&#8221;4.24.2&#8243; _module_preset=&#8221;default&#8221; global_colors_info=&#8221;{}&#8221;][et_pb_image src=&#8221;https:\/\/shopping-samobor.hr\/borabora\/wp-content\/uploads\/2015\/05\/Divider-900&#215;29.webp&#8221; alt=&#8221;Divider&#8221; title_text=&#8221;Divider&#8221; align=&#8221;center&#8221; _builder_version=&#8221;4.24.2&#8243; _module_preset=&#8221;default&#8221; custom_margin=&#8221;-26px|||||&#8221; global_colors_info=&#8221;{}&#8221;][\/et_pb_image][\/et_pb_column][\/et_pb_row][et_pb_row _builder_version=&#8221;4.24.2&#8243; _module_preset=&#8221;default&#8221; global_colors_info=&#8221;{}&#8221;][et_pb_column type=&#8221;4_4&#8243; _builder_version=&#8221;4.24.2&#8243; _module_preset=&#8221;default&#8221; global_colors_info=&#8221;{}&#8221;][et_pb_text _builder_version=&#8221;4.24.2&#8243; _module_preset=&#8221;default&#8221; custom_margin=&#8221;-39px|||||&#8221; global_colors_info=&#8221;{}&#8221;]<\/p>\n<h4 class=\"et_pb_module_header\" style=\"text-align: center;\"><strong>Radno vrijeme<\/strong><\/h4>\n<div class=\"et_pb_blurb_description\">\n<p style=\"text-align: center;\">Ponedjeljak \u2013 subota: 09:00 \u2013 21:00<\/p>\n<p style=\"text-align: center;\">Nedjelja: Zatvoreno<\/p>\n<p style=\"text-align: center;\"><em>*osim radnom nedjeljom 09:00 \u2013 14:00<\/em><\/p>\n<p><em><\/em><\/p>\n<\/div>\n<p>[\/et_pb_text][\/et_pb_column][\/et_pb_row][et_pb_row _builder_version=&#8221;4.24.2&#8243; _module_preset=&#8221;default&#8221; global_colors_info=&#8221;{}&#8221;][et_pb_column type=&#8221;4_4&#8243; _builder_version=&#8221;4.24.2&#8243; _module_preset=&#8221;default&#8221; global_colors_info=&#8221;{}&#8221;][et_pb_text _builder_version=&#8221;4.24.2&#8243; _module_preset=&#8221;default&#8221; custom_margin=&#8221;-45px|||||&#8221; custom_padding=&#8221;0px|||||&#8221; global_colors_info=&#8221;{}&#8221;]<\/p>\n<div dir=\"auto\" style=\"text-align: center;\">\n<p><strong><strong>Radne nedjelje u 2026. g.<\/strong><\/strong><\/p>\n<p>11.01.2026.\u00a008.02.2026.\u00a008.03.2026.\u00a012.04.2026.\u00a017.05.2026.\u00a014.06.2026.\u00a023.08.2026.<\/p>\n<p>06.09.2026. 27.09.2026. 11.10.2026. 08.11.2026. 22.11.2026. 29.11.2026.06.12.2026. 13.12.2026. 20.12.2026.<\/p>\n<\/div>\n<p>[\/et_pb_text][\/et_pb_column][\/et_pb_row][\/et_pb_section][et_pb_section fb_built=&#8221;1&#8243; fullwidth=&#8221;on&#8221; _builder_version=&#8221;4.24.2&#8243; _module_preset=&#8221;default&#8221; global_colors_info=&#8221;{}&#8221;][et_pb_fullwidth_image src=&#8221;https:\/\/shopping-samobor.hr\/borabora\/wp-content\/uploads\/2015\/05\/Divider-900&#215;29.webp&#8221; alt=&#8221;Divider&#8221; title_text=&#8221;Divider&#8221; _builder_version=&#8221;4.24.2&#8243; _module_preset=&#8221;default&#8221; custom_margin=&#8221;-69px|||||&#8221; global_colors_info=&#8221;{}&#8221;][\/et_pb_fullwidth_image][\/et_pb_section][et_pb_section fb_built=&#8221;1&#8243; _builder_version=&#8221;4.16&#8243; _module_preset=&#8221;default&#8221; custom_padding=&#8221;6px||6px|||&#8221; global_colors_info=&#8221;{}&#8221;][et_pb_row _builder_version=&#8221;4.16&#8243; _module_preset=&#8221;default&#8221; global_colors_info=&#8221;{}&#8221;][et_pb_column type=&#8221;4_4&#8243; _builder_version=&#8221;4.16&#8243; _module_preset=&#8221;default&#8221; global_colors_info=&#8221;{}&#8221;][et_pb_text _builder_version=&#8221;4.16&#8243; _module_preset=&#8221;default&#8221; global_colors_info=&#8221;{}&#8221;]<\/p>\n<h3 style=\"text-align: center;\"><strong>TRENUTNO AKTUALNE PONUDE<\/strong><\/h3>\n<p>[\/et_pb_text][\/et_pb_column][\/et_pb_row][et_pb_row _builder_version=&#8221;4.24.2&#8243; _module_preset=&#8221;default&#8221; global_colors_info=&#8221;{}&#8221;][et_pb_column type=&#8221;4_4&#8243; _builder_version=&#8221;4.24.2&#8243; _module_preset=&#8221;default&#8221; global_colors_info=&#8221;{}&#8221;][et_pb_image src=&#8221;https:\/\/shopping-samobor.hr\/borabora\/wp-content\/uploads\/2026\/04\/ysk8-654&#215;900.webp&#8221; alt=&#8221;Ysk8&#8243; title_text=&#8221;ysk8&#8243; align=&#8221;center&#8221; _builder_version=&#8221;4.24.2&#8243; _module_preset=&#8221;default&#8221; global_colors_info=&#8221;{}&#8221;][\/et_pb_image][\/et_pb_column][\/et_pb_row][et_pb_row _builder_version=&#8221;4.24.2&#8243; _module_preset=&#8221;default&#8221;][et_pb_column _builder_version=&#8221;4.24.2&#8243; _module_preset=&#8221;default&#8221; type=&#8221;4_4&#8243;][et_pb_image src=&#8221;https:\/\/shopping-samobor.hr\/borabora\/wp-content\/uploads\/2026\/04\/jysk-15.04-575&#215;900.webp&#8221; _builder_version=&#8221;4.24.2&#8243; _module_preset=&#8221;default&#8221; alt=&#8221;Jysk 15.04.&#8221; title_text=&#8221;jysk 15.04.&#8221; align=&#8221;center&#8221; hover_enabled=&#8221;0&#8243; sticky_enabled=&#8221;0&#8243;][\/et_pb_image][\/et_pb_column][\/et_pb_row][et_pb_row _builder_version=&#8221;4.24.2&#8243; _module_preset=&#8221;default&#8221; global_colors_info=&#8221;{}&#8221;][et_pb_column type=&#8221;4_4&#8243; _builder_version=&#8221;4.24.2&#8243; _module_preset=&#8221;default&#8221; global_colors_info=&#8221;{}&#8221;][et_pb_image src=&#8221;https:\/\/shopping-samobor.hr\/borabora\/wp-content\/uploads\/2026\/04\/20252419_Banner_Babytag_HR_April_1200x628-900&#215;471.webp&#8221; alt=&#8221;20252419 Banner Babytag HR April 1200&#215;628&#8243; title_text=&#8221;20252419_Banner_Babytag_HR_April_1200x628&#8243; align=&#8221;center&#8221; _builder_version=&#8221;4.24.2&#8243; _module_preset=&#8221;default&#8221; global_colors_info=&#8221;{}&#8221;][\/et_pb_image][\/et_pb_column][\/et_pb_row][\/et_pb_section][et_pb_section fb_built=&#8221;1&#8243; _builder_version=&#8221;4.24.2&#8243; _module_preset=&#8221;default&#8221; global_colors_info=&#8221;{}&#8221;][et_pb_row _builder_version=&#8221;4.24.2&#8243; _module_preset=&#8221;default&#8221; global_colors_info=&#8221;{}&#8221;][et_pb_column type=&#8221;4_4&#8243; _builder_version=&#8221;4.24.2&#8243; _module_preset=&#8221;default&#8221; global_colors_info=&#8221;{}&#8221;][et_pb_video src=&#8221;https:\/\/shopping-samobor.hr\/borabora\/wp-content\/uploads\/2024\/07\/Samobor-1.mp4&#8243; _builder_version=&#8221;4.24.2&#8243; _module_preset=&#8221;default&#8221; global_colors_info=&#8221;{}&#8221;][\/et_pb_video][\/et_pb_column][\/et_pb_row][et_pb_row _builder_version=&#8221;4.24.2&#8243; _module_preset=&#8221;default&#8221; global_colors_info=&#8221;{}&#8221;][et_pb_column type=&#8221;4_4&#8243; _builder_version=&#8221;4.24.2&#8243; _module_preset=&#8221;default&#8221; global_colors_info=&#8221;{}&#8221;][et_pb_text _builder_version=&#8221;4.24.2&#8243; _module_preset=&#8221;default&#8221; global_colors_info=&#8221;{}&#8221;]<\/p>\n<p><a href=\"https:\/\/shopping-samobor.hr\/borabora\/wp-content\/uploads\/2025\/08\/Nagradna-samobor.docx\">Facebook igra\u00a0<\/a><\/p>\n<p>[\/et_pb_text][\/et_pb_column][\/et_pb_row][\/et_pb_section]<\/p>\n","protected":false},"excerpt":{"rendered":"<p>&nbsp; LONIA SHOP &amp; JOYSHOPPING GALLERY SAMOBORPRVI RETAIL PARK U SAMOBORUDrage Samoborke, Samoborci i svi posjetitelji na\u0161eg lijepog Samobora! Do\u0111ite, u Samobor u ulicu Petra Kre\u0161imira IV 4, kod Konzuma i Plodina, Vi\u0161e ne\u0107ete morati za svaku kupovinu kretati put Zagreba. Veliki dio va\u0161ih potreba za shoppingom mo\u0107i \u0107ete ostvariti kod nas. Mueller, C&amp;A, INTERSPORT, [&hellip;]<\/p>\n","protected":false},"author":5,"featured_media":0,"parent":0,"menu_order":0,"comment_status":"open","ping_status":"closed","template":"","meta":{"_et_pb_use_builder":"on","_et_pb_old_content":"","_et_gb_content_width":"","slim_seo":{"title":"Shopping Gallery Samobor","description":"Novi trgova\u010dki centar Shopping Gallery Samobor nalazi se na samom isto\u010dnom ulazu u grad Samobor.\u00a0Mueller, C&A, Sport Vision, Galileo, JYSK, Kik, Takko, Zoo City, Leggiero, Exclusive Change, CCC, Elipso"},"iawp_total_views":46017,"footnotes":""},"class_list":["post-40","page","type-page","status-publish","hentry"],"_links":{"self":[{"href":"https:\/\/shopping-samobor.hr\/borabora\/wp-json\/wp\/v2\/pages\/40","targetHints":{"allow":["GET"]}}],"collection":[{"href":"https:\/\/shopping-samobor.hr\/borabora\/wp-json\/wp\/v2\/pages"}],"about":[{"href":"https:\/\/shopping-samobor.hr\/borabora\/wp-json\/wp\/v2\/types\/page"}],"author":[{"embeddable":true,"href":"https:\/\/shopping-samobor.hr\/borabora\/wp-json\/wp\/v2\/users\/5"}],"replies":[{"embeddable":true,"href":"https:\/\/shopping-samobor.hr\/borabora\/wp-json\/wp\/v2\/comments?post=40"}],"version-history":[{"count":10,"href":"https:\/\/shopping-samobor.hr\/borabora\/wp-json\/wp\/v2\/pages\/40\/revisions"}],"predecessor-version":[{"id":1658,"href":"https:\/\/shopping-samobor.hr\/borabora\/wp-json\/wp\/v2\/pages\/40\/revisions\/1658"}],"wp:attachment":[{"href":"https:\/\/shopping-samobor.hr\/borabora\/wp-json\/wp\/v2\/media?parent=40"}],"curies":[{"name":"wp","href":"https:\/\/api.w.org\/{rel}","templated":true}]}}